{"id":69,"date":"2024-11-03T12:21:45","date_gmt":"2024-11-03T12:21:45","guid":{"rendered":"https:\/\/eurosalesman.co.uk\/front-page\/"},"modified":"2025-02-25T15:45:21","modified_gmt":"2025-02-25T15:45:21","slug":"front-page","status":"publish","type":"page","link":"https:\/\/eurosalesman.uk\/sv\/","title":{"rendered":"Front Page"},"content":{"rendered":"<div data-elementor-type=\"wp-page\" data-elementor-id=\"69\" class=\"elementor elementor-69\" data-elementor-post-type=\"page\">\n\t\t\t\t<div class=\"elementor-element elementor-element-13fe3afd e-con-full e-flex e-con e-parent\" data-id=\"13fe3afd\" data-element_type=\"container\" data-e-type=\"container\" data-settings=\"{&quot;background_background&quot;:&quot;classic&quot;}\">\n\t\t<div class=\"elementor-element elementor-element-4889cd5d e-con-full e-flex e-con e-child\" data-id=\"4889cd5d\" data-element_type=\"container\" data-e-type=\"container\">\n\t\t\t\t<div class=\"elementor-element elementor-element-6f974cd elementor-widget__width-inherit elementor-widget-divider--view-line elementor-invisible elementor-widget elementor-widget-divider\" data-id=\"6f974cd\" data-element_type=\"widget\" data-e-type=\"widget\" data-settings=\"{&quot;_animation&quot;:&quot;fadeInLeft&quot;}\" data-widget_type=\"divider.default\">\n\t\t\t\t<div class=\"elementor-widget-container\">\n\t\t\t\t\t\t\t<div class=\"elementor-divider\">\n\t\t\t<span class=\"elementor-divider-separator\">\n\t\t\t\t\t\t<\/span>\n\t\t<\/div>\n\t\t\t\t\t\t<\/div>\n\t\t\t\t<\/div>\n\t\t\t\t<div class=\"elementor-element elementor-element-40b0b15c elementor-widget__width-initial elementor-widget-tablet__width-inherit elementor-widget elementor-widget-heading\" data-id=\"40b0b15c\" data-element_type=\"widget\" data-e-type=\"widget\" data-widget_type=\"heading.default\">\n\t\t\t\t<div class=\"elementor-widget-container\">\n\t\t\t\t\t<h1 class=\"elementor-heading-title elementor-size-default\">Storbritannien - F\u00e5 tillg\u00e5ng till ett globalt aff\u00e4rscentrum med o\u00e4ndlig potential!<\/h1>\t\t\t\t<\/div>\n\t\t\t\t<\/div>\n\t\t\t\t<div class=\"elementor-element elementor-element-2fd51a9b elementor-widget__width-initial elementor-widget-tablet__width-inherit elementor-widget elementor-widget-text-editor\" data-id=\"2fd51a9b\" data-element_type=\"widget\" data-e-type=\"widget\" data-widget_type=\"text-editor.default\">\n\t\t\t\t<div class=\"elementor-widget-container\">\n\t\t\t\t\t\t\t\t\t<p>Storbritanniens robusta ekonomi, globala inflytande och aff\u00e4rsv\u00e4nliga milj\u00f6 g\u00f6r landet till en idealisk marknad f\u00f6r f\u00f6retag som vill expandera och lyckas p\u00e5 internationell niv\u00e5.<\/p>\t\t\t\t\t\t\t\t<\/div>\n\t\t\t\t<\/div>\n\t\t\t\t<\/div>\n\t\t\t\t<\/div>\n\t\t<div class=\"elementor-element elementor-element-fab7a57 e-con-full e-flex e-con e-parent\" data-id=\"fab7a57\" data-element_type=\"container\" data-e-type=\"container\">\n\t\t<div class=\"elementor-element elementor-element-ac5743e e-con-full e-flex e-con e-child\" data-id=\"ac5743e\" data-element_type=\"container\" data-e-type=\"container\">\n\t\t\t\t<div class=\"elementor-element elementor-element-5ee3a01 elementor-widget__width-inherit elementor-widget-divider--view-line elementor-invisible elementor-widget elementor-widget-divider\" data-id=\"5ee3a01\" data-element_type=\"widget\" data-e-type=\"widget\" data-settings=\"{&quot;_animation&quot;:&quot;fadeInLeft&quot;}\" data-widget_type=\"divider.default\">\n\t\t\t\t<div class=\"elementor-widget-container\">\n\t\t\t\t\t\t\t<div class=\"elementor-divider\">\n\t\t\t<span class=\"elementor-divider-separator\">\n\t\t\t\t\t\t<\/span>\n\t\t<\/div>\n\t\t\t\t\t\t<\/div>\n\t\t\t\t<\/div>\n\t\t\t\t<div class=\"elementor-element elementor-element-83b5f4e elementor-widget__width-initial elementor-widget-tablet__width-inherit elementor-widget elementor-widget-heading\" data-id=\"83b5f4e\" data-element_type=\"widget\" data-e-type=\"widget\" data-widget_type=\"heading.default\">\n\t\t\t\t<div class=\"elementor-widget-container\">\n\t\t\t\t\t<h2 class=\"elementor-heading-title elementor-size-default\">Utvalda annonser<\/h2>\t\t\t\t<\/div>\n\t\t\t\t<\/div>\n\t\t\t\t<div class=\"elementor-element elementor-element-142e9c19 elementor-widget__width-initial elementor-widget-tablet__width-inherit elementor-widget elementor-widget-text-editor\" data-id=\"142e9c19\" data-element_type=\"widget\" data-e-type=\"widget\" data-widget_type=\"text-editor.default\">\n\t\t\t\t<div class=\"elementor-widget-container\">\n\t\t\t\t\t\t\t\t\t<p>Nedan presenteras de f\u00f6retag som har valt att visa upp sina varum\u00e4rken i Storbritannien f\u00f6r att dra nytta av de strategiska f\u00f6rdelar och tillv\u00e4xtm\u00f6jligheter som denna framst\u00e5ende marknad erbjuder.<\/p>\t\t\t\t\t\t\t\t<\/div>\n\t\t\t\t<\/div>\n\t\t\t\t<\/div>\n\t\t<div class=\"elementor-element elementor-element-c80eb43 e-con-full e-flex e-con e-child\" data-id=\"c80eb43\" data-element_type=\"container\" data-e-type=\"container\">\n\t\t\t\t<div class=\"elementor-element elementor-element-0318b13 elementor-widget__width-inherit elementor-widget elementor-widget-shortcode\" data-id=\"0318b13\" data-element_type=\"widget\" data-e-type=\"widget\" data-widget_type=\"shortcode.default\">\n\t\t\t\t<div class=\"elementor-widget-container\">\n\t\t\t\t\t\t\t<div class=\"elementor-shortcode\"><div class=\"myplugin-site-posts-filter\"><form method=\"get\" action=\"\"><label for=\"category-filter\">Filtrera efter kategori:<\/label> <select id=\"category-filter\" name=\"category\" onchange=\"this.form.submit()\"><option value=\"\">Alla kategorier<\/option><option value=\"professional-services\" >Professionella tj\u00e4nster<\/option><option value=\"technology-innovation\" >Teknik och innovation<\/option><option value=\"retail-e-commerce\" >Detaljhandel &amp; E-handel<\/option><option value=\"health-wellness\" >H\u00e4lsa och v\u00e4lbefinnande<\/option><option value=\"construction-real-estate\" >Bygg- och fastighetsbranschen<\/option><option value=\"finance-insurance\" >Finans &amp; F\u00f6rs\u00e4kring<\/option><option value=\"education-training\" >Utbildning &amp; fortbildning<\/option><option value=\"logistics-manufacturing\" >Logistik &amp; tillverkning<\/option><\/select><input type=\"hidden\" name=\"trp-form-language\" value=\"sv\"\/><\/form><\/div><div class=\"myplugin-site-posts\"><p>Inga inl\u00e4gg hittades f\u00f6r denna kategori.<\/p><\/div><\/div>\n\t\t\t\t\t\t<\/div>\n\t\t\t\t<\/div>\n\t\t\t\t<\/div>\n\t\t\t\t<\/div>\n\t\t<div class=\"elementor-element elementor-element-1d0e29b7 e-con-full e-flex e-con e-parent\" data-id=\"1d0e29b7\" data-element_type=\"container\" data-e-type=\"container\" data-settings=\"{&quot;background_background&quot;:&quot;classic&quot;}\">\n\t\t<div class=\"elementor-element elementor-element-69df4861 e-con-full e-flex e-con e-child\" data-id=\"69df4861\" data-element_type=\"container\" data-e-type=\"container\">\n\t\t\t\t<div class=\"elementor-element elementor-element-5ceb7117 elementor-invisible elementor-widget elementor-widget-heading\" data-id=\"5ceb7117\" data-element_type=\"widget\" data-e-type=\"widget\" data-settings=\"{&quot;_animation&quot;:&quot;fadeIn&quot;}\" data-widget_type=\"heading.default\">\n\t\t\t\t<div class=\"elementor-widget-container\">\n\t\t\t\t\t<h2 class=\"elementor-heading-title elementor-size-default\">Vill du s\u00e4tta fart p\u00e5 ditt f\u00f6retag redan idag?<\/h2>\t\t\t\t<\/div>\n\t\t\t\t<\/div>\n\t\t\t\t<div class=\"elementor-element elementor-element-4ba88f8 elementor-widget elementor-widget-text-editor\" data-id=\"4ba88f8\" data-element_type=\"widget\" data-e-type=\"widget\" data-settings=\"{&quot;_animation&quot;:&quot;none&quot;}\" data-widget_type=\"text-editor.default\">\n\t\t\t\t<div class=\"elementor-widget-container\">\n\t\t\t\t\t\t\t\t\t<p>Kontakta oss idag f\u00f6r att f\u00e5 veta mer om hur vi kan hj\u00e4lpa dig att uppn\u00e5 dina marknadsf\u00f6ringsm\u00e5l med precision och s\u00e4kerhet.<\/p>\t\t\t\t\t\t\t\t<\/div>\n\t\t\t\t<\/div>\n\t\t\t\t<div class=\"elementor-element elementor-element-705de85b elementor-align-justify elementor-widget__width-initial elementor-widget elementor-widget-button\" data-id=\"705de85b\" data-element_type=\"widget\" data-e-type=\"widget\" data-widget_type=\"button.default\">\n\t\t\t\t<div class=\"elementor-widget-container\">\n\t\t\t\t\t\t\t\t\t<div class=\"elementor-button-wrapper\">\n\t\t\t\t\t<a class=\"elementor-button elementor-size-sm\" role=\"button\">\n\t\t\t\t\t\t<span class=\"elementor-button-content-wrapper\">\n\t\t\t\t\t\t\t\t\t<span class=\"elementor-button-text\">Kontakta oss<\/span>\n\t\t\t\t\t<\/span>\n\t\t\t\t\t<\/a>\n\t\t\t\t<\/div>\n\t\t\t\t\t\t\t\t<\/div>\n\t\t\t\t<\/div>\n\t\t\t\t<\/div>\n\t\t<div class=\"elementor-element elementor-element-3d26a195 e-con-full e-flex e-con e-child\" data-id=\"3d26a195\" data-element_type=\"container\" data-e-type=\"container\" data-settings=\"{&quot;background_background&quot;:&quot;classic&quot;}\">\n\t\t\t\t<\/div>\n\t\t\t\t<\/div>\n\t\t\t\t<\/div>","protected":false},"excerpt":{"rendered":"<p>United Kingdom &#8211; Access a Global Business Hub with Endless Potential! The United Kingdom\u2019s robust economy, global influence, and business-friendly environment make it an ideal market for companies looking to expand and succeed on an international scale. Featured Ads Below are the companies that have chosen to showcase their brands in the UK, leveraging the [&hellip;]<\/p>","protected":false},"author":3,"featured_media":0,"parent":0,"menu_order":0,"comment_status":"closed","ping_status":"closed","template":"elementor_header_footer","meta":{"footnotes":""},"class_list":["post-69","page","type-page","status-publish","hentry"],"_links":{"self":[{"href":"https:\/\/eurosalesman.uk\/sv\/wp-json\/wp\/v2\/pages\/69","targetHints":{"allow":["GET"]}}],"collection":[{"href":"https:\/\/eurosalesman.uk\/sv\/wp-json\/wp\/v2\/pages"}],"about":[{"href":"https:\/\/eurosalesman.uk\/sv\/wp-json\/wp\/v2\/types\/page"}],"author":[{"embeddable":true,"href":"https:\/\/eurosalesman.uk\/sv\/wp-json\/wp\/v2\/users\/3"}],"replies":[{"embeddable":true,"href":"https:\/\/eurosalesman.uk\/sv\/wp-json\/wp\/v2\/comments?post=69"}],"version-history":[{"count":13,"href":"https:\/\/eurosalesman.uk\/sv\/wp-json\/wp\/v2\/pages\/69\/revisions"}],"predecessor-version":[{"id":145,"href":"https:\/\/eurosalesman.uk\/sv\/wp-json\/wp\/v2\/pages\/69\/revisions\/145"}],"wp:attachment":[{"href":"https:\/\/eurosalesman.uk\/sv\/wp-json\/wp\/v2\/media?parent=69"}],"curies":[{"name":"wp","href":"https:\/\/api.w.org\/{rel}","templated":true}]}}